{"id":455,"date":"2025-09-25T06:48:25","date_gmt":"2025-09-25T09:48:25","guid":{"rendered":"https:\/\/www.hom.bionostic.com.br\/curitiba\/?page_id=455"},"modified":"2026-01-15T09:26:55","modified_gmt":"2026-01-15T12:26:55","slug":"radiografia-digital","status":"publish","type":"page","link":"https:\/\/www.hom.bionostic.com.br\/curitiba\/index.php\/exames-por-imagem\/radiografia-digital\/","title":{"rendered":"Radiografia digital"},"content":{"rendered":"\t\t<div data-elementor-type=\"wp-page\" data-elementor-id=\"455\" class=\"elementor elementor-455\">\n\t\t\t\t<div class=\"elementor-element elementor-element-78ff4f5 e-flex e-con-boxed e-con e-parent\" data-id=\"78ff4f5\" data-element_type=\"container\" data-settings=\"{&quot;background_background&quot;:&quot;classic&quot;}\">\n\t\t\t\t\t<div class=\"e-con-inner\">\n\t\t\t\t\t<\/div>\n\t\t\t\t<\/div>\n\t\t<div class=\"elementor-element elementor-element-31b2c0b e-flex e-con-boxed e-con e-parent\" data-id=\"31b2c0b\" data-element_type=\"container\">\n\t\t\t\t\t<div class=\"e-con-inner\">\n\t\t<div class=\"elementor-element elementor-element-3c4361d e-con-full e-flex e-con e-child\" data-id=\"3c4361d\" data-element_type=\"container\">\n\t\t\t\t<div class=\"elementor-element elementor-element-34f4b67 elementor-widget elementor-widget-image\" data-id=\"34f4b67\" data-element_type=\"widget\" data-widget_type=\"image.default\">\n\t\t\t\t<div class=\"elementor-widget-container\">\n\t\t\t\t\t\t\t\t\t\t\t\t\t\t\t<img fetchpriority=\"high\" decoding=\"async\" width=\"684\" height=\"900\" src=\"https:\/\/www.hom.bionostic.com.br\/curitiba\/wp-content\/uploads\/2025\/10\/radiografia_digital.jpg\" class=\"attachment-large size-large wp-image-560\" alt=\"\" srcset=\"https:\/\/www.hom.bionostic.com.br\/curitiba\/wp-content\/uploads\/2025\/10\/radiografia_digital.jpg 684w, https:\/\/www.hom.bionostic.com.br\/curitiba\/wp-content\/uploads\/2025\/10\/radiografia_digital-228x300.jpg 228w, https:\/\/www.hom.bionostic.com.br\/curitiba\/wp-content\/uploads\/2025\/10\/radiografia_digital-230x303.jpg 230w, https:\/\/www.hom.bionostic.com.br\/curitiba\/wp-content\/uploads\/2025\/10\/radiografia_digital-350x461.jpg 350w, https:\/\/www.hom.bionostic.com.br\/curitiba\/wp-content\/uploads\/2025\/10\/radiografia_digital-480x632.jpg 480w\" sizes=\"(max-width: 684px) 100vw, 684px\" \/>\t\t\t\t\t\t\t\t\t\t\t\t\t\t\t<\/div>\n\t\t\t\t<\/div>\n\t\t\t\t<\/div>\n\t\t<div class=\"elementor-element elementor-element-a928d74 e-con-full e-flex e-con e-child\" data-id=\"a928d74\" data-element_type=\"container\">\n\t\t\t\t<div class=\"elementor-element elementor-element-1651dd1 elementor-widget elementor-widget-text-editor\" data-id=\"1651dd1\" data-element_type=\"widget\" data-widget_type=\"text-editor.default\">\n\t\t\t\t<div class=\"elementor-widget-container\">\n\t\t\t\t\t\t\t\t\t<p><a href=\"https:\/\/www.hom.bionostic.com.br\/curitiba\/index.php\/exames-por-imagem\/\">&lt; voltar exames laboratoriais<\/a><\/p>\t\t\t\t\t\t\t\t<\/div>\n\t\t\t\t<\/div>\n\t\t<div class=\"elementor-element elementor-element-1572e35 e-con-full e-flex e-con e-child\" data-id=\"1572e35\" data-element_type=\"container\" data-settings=\"{&quot;background_background&quot;:&quot;classic&quot;}\">\n\t\t\t\t<div class=\"elementor-element elementor-element-09c1d21 elementor-widget elementor-widget-heading\" data-id=\"09c1d21\" data-element_type=\"widget\" data-widget_type=\"heading.default\">\n\t\t\t\t<div class=\"elementor-widget-container\">\n\t\t\t\t\t<h2 class=\"elementor-heading-title elementor-size-default\">RADIOGRAFIA DIGITAL<\/h2>\t\t\t\t<\/div>\n\t\t\t\t<\/div>\n\t\t\t\t<\/div>\n\t\t\t\t<div class=\"elementor-element elementor-element-4adb18a elementor-widget elementor-widget-text-editor\" data-id=\"4adb18a\" data-element_type=\"widget\" data-widget_type=\"text-editor.default\">\n\t\t\t\t<div class=\"elementor-widget-container\">\n\t\t\t\t\t\t\t\t\t<p><strong>Alta Tecnologia e Seguran\u00e7a<\/strong><\/p><p>Tecnologia r\u00e1pida e n\u00e3o invasiva, a Radiologia Digital estabelece um novo padr\u00e3o de efici\u00eancia e seguran\u00e7a no exame de Raio-x para a Medicina Veterin\u00e1ria.<\/p><p>Nosso Setor de Radiologia possui <strong>aparelhos de \u00faltima gera\u00e7\u00e3o<\/strong> que garantem:<\/p><p><strong>\u00b7 Imagens em Alt\u00edssima Resolu\u00e7\u00e3o:<\/strong> O que se traduz em <strong>precis\u00e3o diagn\u00f3stica incompar\u00e1vel<\/strong> para avalia\u00e7\u00e3o de fraturas, corpos estranhos, altera\u00e7\u00f5es tor\u00e1cicas e abdominais.<br \/><strong>\u00b7 Baixa Exposi\u00e7\u00e3o:<\/strong> Maior seguran\u00e7a para o paciente, para o acompahante e para a equipe, gra\u00e7as \u00e0 <strong>redu\u00e7\u00e3o na exposi\u00e7\u00e3o aos raios X<\/strong>.<br \/><strong>\u00b7 Sustentabilidade:<\/strong> Al\u00e9m da precis\u00e3o, \u00e9 uma tecnologia <strong>ecologicamente correta<\/strong>, alinhada com as melhores pr\u00e1ticas ambientais.<\/p><p><strong>Diagn\u00f3stico Integrado<\/strong><\/p><p>A Radiologia Digital no Bionostic n\u00e3o \u00e9 um exame isolado, podendo ser integrado aos nossos servi\u00e7os de imagem mais complexos, como <strong>Tomografia Computadorizada (TC) e Resson\u00e2ncia Magn\u00e9tica (RM)<\/strong>. Essa integra\u00e7\u00e3o permite uma investiga\u00e7\u00e3o completa e detalhada de estruturas espec\u00edficas, complementando o exame cl\u00ednico para diagn\u00f3sticos mais r\u00e1pidos e precisos.<\/p>\t\t\t\t\t\t\t\t<\/div>\n\t\t\t\t<\/div>\n\t\t\t\t<\/div>\n\t\t\t\t\t<\/div>\n\t\t\t\t<\/div>\n\t\t\t\t<\/div>\n\t\t","protected":false},"excerpt":{"rendered":"<p>&lt; voltar exames laboratoriais RADIOGRAFIA DIGITAL Alta Tecnologia e Seguran\u00e7a Tecnologia r\u00e1pida e n\u00e3o invasiva, a Radiologia Digital estabelece um novo padr\u00e3o [&hellip;]<\/p>\n","protected":false},"author":2,"featured_media":0,"parent":397,"menu_order":0,"comment_status":"closed","ping_status":"closed","template":"elementor_header_footer","meta":{"footnotes":""},"class_list":["post-455","page","type-page","status-publish","hentry"],"_links":{"self":[{"href":"https:\/\/www.hom.bionostic.com.br\/curitiba\/index.php\/wp-json\/wp\/v2\/pages\/455","targetHints":{"allow":["GET"]}}],"collection":[{"href":"https:\/\/www.hom.bionostic.com.br\/curitiba\/index.php\/wp-json\/wp\/v2\/pages"}],"about":[{"href":"https:\/\/www.hom.bionostic.com.br\/curitiba\/index.php\/wp-json\/wp\/v2\/types\/page"}],"author":[{"embeddable":true,"href":"https:\/\/www.hom.bionostic.com.br\/curitiba\/index.php\/wp-json\/wp\/v2\/users\/2"}],"replies":[{"embeddable":true,"href":"https:\/\/www.hom.bionostic.com.br\/curitiba\/index.php\/wp-json\/wp\/v2\/comments?post=455"}],"version-history":[{"count":16,"href":"https:\/\/www.hom.bionostic.com.br\/curitiba\/index.php\/wp-json\/wp\/v2\/pages\/455\/revisions"}],"predecessor-version":[{"id":799,"href":"https:\/\/www.hom.bionostic.com.br\/curitiba\/index.php\/wp-json\/wp\/v2\/pages\/455\/revisions\/799"}],"up":[{"embeddable":true,"href":"https:\/\/www.hom.bionostic.com.br\/curitiba\/index.php\/wp-json\/wp\/v2\/pages\/397"}],"wp:attachment":[{"href":"https:\/\/www.hom.bionostic.com.br\/curitiba\/index.php\/wp-json\/wp\/v2\/media?parent=455"}],"curies":[{"name":"wp","href":"https:\/\/api.w.org\/{rel}","templated":true}]}}