{"id":467,"date":"2025-09-25T06:54:43","date_gmt":"2025-09-25T09:54:43","guid":{"rendered":"https:\/\/www.hom.bionostic.com.br\/curitiba\/?page_id=467"},"modified":"2025-11-15T08:18:16","modified_gmt":"2025-11-15T11:18:16","slug":"ecocardiograma-e-eletrocardiograma","status":"publish","type":"page","link":"https:\/\/www.hom.bionostic.com.br\/curitiba\/index.php\/exames-por-imagem\/ecocardiograma-e-eletrocardiograma\/","title":{"rendered":"ECOCARDIOGRAMA E ELETROCARDIOGRAMA"},"content":{"rendered":"\t\t<div data-elementor-type=\"wp-page\" data-elementor-id=\"467\" class=\"elementor elementor-467\">\n\t\t\t\t<div class=\"elementor-element elementor-element-f9b105a e-flex e-con-boxed e-con e-parent\" data-id=\"f9b105a\" data-element_type=\"container\">\n\t\t\t\t\t<div class=\"e-con-inner\">\n\t\t<div class=\"elementor-element elementor-element-11526c2 e-con-full e-flex e-con e-child\" data-id=\"11526c2\" data-element_type=\"container\">\n\t\t\t\t<div class=\"elementor-element elementor-element-3f61b07 elementor-widget elementor-widget-image\" data-id=\"3f61b07\" data-element_type=\"widget\" data-widget_type=\"image.default\">\n\t\t\t\t<div class=\"elementor-widget-container\">\n\t\t\t\t\t\t\t\t\t\t\t\t\t\t\t<img fetchpriority=\"high\" decoding=\"async\" width=\"687\" height=\"899\" src=\"https:\/\/www.hom.bionostic.com.br\/curitiba\/wp-content\/uploads\/2025\/10\/eco_eletro.jpg\" class=\"attachment-large size-large wp-image-556\" alt=\"\" srcset=\"https:\/\/www.hom.bionostic.com.br\/curitiba\/wp-content\/uploads\/2025\/10\/eco_eletro.jpg 687w, https:\/\/www.hom.bionostic.com.br\/curitiba\/wp-content\/uploads\/2025\/10\/eco_eletro-229x300.jpg 229w, https:\/\/www.hom.bionostic.com.br\/curitiba\/wp-content\/uploads\/2025\/10\/eco_eletro-230x301.jpg 230w, https:\/\/www.hom.bionostic.com.br\/curitiba\/wp-content\/uploads\/2025\/10\/eco_eletro-350x458.jpg 350w, https:\/\/www.hom.bionostic.com.br\/curitiba\/wp-content\/uploads\/2025\/10\/eco_eletro-480x628.jpg 480w\" sizes=\"(max-width: 687px) 100vw, 687px\" \/>\t\t\t\t\t\t\t\t\t\t\t\t\t\t\t<\/div>\n\t\t\t\t<\/div>\n\t\t\t\t<\/div>\n\t\t<div class=\"elementor-element elementor-element-bb40cca e-con-full e-flex e-con e-child\" data-id=\"bb40cca\" data-element_type=\"container\">\n\t\t\t\t<div class=\"elementor-element elementor-element-ec1b031 elementor-widget elementor-widget-text-editor\" data-id=\"ec1b031\" data-element_type=\"widget\" data-widget_type=\"text-editor.default\">\n\t\t\t\t<div class=\"elementor-widget-container\">\n\t\t\t\t\t\t\t\t\t<p><a href=\"https:\/\/www.hom.bionostic.com.br\/curitiba\/index.php\/exames-por-imagem\/\">&lt; voltar exames laboratoriais<\/a><\/p>\t\t\t\t\t\t\t\t<\/div>\n\t\t\t\t<\/div>\n\t\t<div class=\"elementor-element elementor-element-e735fca e-con-full e-flex e-con e-child\" data-id=\"e735fca\" data-element_type=\"container\" data-settings=\"{&quot;background_background&quot;:&quot;classic&quot;}\">\n\t\t\t\t<div class=\"elementor-element elementor-element-395d5ad elementor-widget elementor-widget-heading\" data-id=\"395d5ad\" data-element_type=\"widget\" data-widget_type=\"heading.default\">\n\t\t\t\t<div class=\"elementor-widget-container\">\n\t\t\t\t\t<h2 class=\"elementor-heading-title elementor-size-default\">ECOCARDIOGRAMA E\nELETROCARDIOGRAMA<\/h2>\t\t\t\t<\/div>\n\t\t\t\t<\/div>\n\t\t\t\t<\/div>\n\t\t\t\t<div class=\"elementor-element elementor-element-8c4e53a elementor-widget elementor-widget-text-editor\" data-id=\"8c4e53a\" data-element_type=\"widget\" data-widget_type=\"text-editor.default\">\n\t\t\t\t<div class=\"elementor-widget-container\">\n\t\t\t\t\t\t\t\t\t<p><strong>Cuidado Especializado com a Sa\u00fade Card\u00edaca<\/strong><\/p><p>As doen\u00e7as card\u00edacas representam um risco significativo para c\u00e3es e gatos de todas as idades. No <strong>Bionostic<\/strong>, unimos tecnologia de ponta e expertise cardiol\u00f3gica para oferecer os exames mais cruciais no diagn\u00f3stico e acompanhamento dessas condi\u00e7\u00f5es.<\/p><p>Nossos servi\u00e7os de cardiologia <strong>s\u00e3o fundamentais para a avalia\u00e7\u00e3o pr\u00e9-anest\u00e9sica e para a defini\u00e7\u00e3o de tratamentos<\/strong> que prolongam a qualidade de vida dos pacientes.<\/p><p><strong>Diagn\u00f3stico Duplo: Estrutura e Fun\u00e7\u00e3o<\/strong><\/p><p>Realizamos a dupla essencial do diagn\u00f3stico card\u00edaco com equipamentos de <strong>alta resolu\u00e7\u00e3o<\/strong> e laudos emitidos por especialistas:<\/p><p><strong>\u00b7 Ecocardiograma (Ultrassom Card\u00edaco):<\/strong> Exame detalhado que permite a visualiza\u00e7\u00e3o em tempo real da estrutura do cora\u00e7\u00e3o (c\u00e2maras, v\u00e1lvulas e grandes vasos) e a avalia\u00e7\u00e3o da fun\u00e7\u00e3o de bombeamento. \u00c9 essencial para determinar a origem e a gravidade das cardiopatias.<br \/><strong>\u00b7 Eletrocardiograma (ECG):<\/strong> Registra a atividade el\u00e9trica do cora\u00e7\u00e3o, sendo vital para a detec\u00e7\u00e3o, classifica\u00e7\u00e3o e monitoramento de arritmias e altera\u00e7\u00f5es no ritmo card\u00edaco.<\/p><p>Esses dois exames fornecem informa\u00e7\u00f5es fundamentais que v\u00e3o al\u00e9m do b\u00e1sico, auxiliando o m\u00e9dico-veterin\u00e1rio a:<\/p><p><strong>\u00b7 Definir a Etiologia:<\/strong> Entender a causa exata do problema card\u00edaco.<br \/><strong>\u00b7 Planejar o Tratamento:<\/strong> Ajustar a terapia medicamentosa ou procedimentos com m\u00e1xima precis\u00e3o.<br \/><strong>\u00b7 Aumentar a Seguran\u00e7a:<\/strong> Reduzir riscos em procedimentos cir\u00fargicos atrav\u00e9s de uma avalia\u00e7\u00e3o card\u00edaca pr\u00e9via e confi\u00e1vel.<\/p>\t\t\t\t\t\t\t\t<\/div>\n\t\t\t\t<\/div>\n\t\t\t\t<\/div>\n\t\t\t\t\t<\/div>\n\t\t\t\t<\/div>\n\t\t\t\t<\/div>\n\t\t","protected":false},"excerpt":{"rendered":"<p>&lt; voltar exames laboratoriais ECOCARDIOGRAMA E ELETROCARDIOGRAMA Cuidado Especializado com a Sa\u00fade Card\u00edaca As doen\u00e7as card\u00edacas representam um risco significativo para c\u00e3es [&hellip;]<\/p>\n","protected":false},"author":2,"featured_media":0,"parent":397,"menu_order":0,"comment_status":"closed","ping_status":"closed","template":"elementor_header_footer","meta":{"footnotes":""},"class_list":["post-467","page","type-page","status-publish","hentry"],"_links":{"self":[{"href":"https:\/\/www.hom.bionostic.com.br\/curitiba\/index.php\/wp-json\/wp\/v2\/pages\/467","targetHints":{"allow":["GET"]}}],"collection":[{"href":"https:\/\/www.hom.bionostic.com.br\/curitiba\/index.php\/wp-json\/wp\/v2\/pages"}],"about":[{"href":"https:\/\/www.hom.bionostic.com.br\/curitiba\/index.php\/wp-json\/wp\/v2\/types\/page"}],"author":[{"embeddable":true,"href":"https:\/\/www.hom.bionostic.com.br\/curitiba\/index.php\/wp-json\/wp\/v2\/users\/2"}],"replies":[{"embeddable":true,"href":"https:\/\/www.hom.bionostic.com.br\/curitiba\/index.php\/wp-json\/wp\/v2\/comments?post=467"}],"version-history":[{"count":10,"href":"https:\/\/www.hom.bionostic.com.br\/curitiba\/index.php\/wp-json\/wp\/v2\/pages\/467\/revisions"}],"predecessor-version":[{"id":657,"href":"https:\/\/www.hom.bionostic.com.br\/curitiba\/index.php\/wp-json\/wp\/v2\/pages\/467\/revisions\/657"}],"up":[{"embeddable":true,"href":"https:\/\/www.hom.bionostic.com.br\/curitiba\/index.php\/wp-json\/wp\/v2\/pages\/397"}],"wp:attachment":[{"href":"https:\/\/www.hom.bionostic.com.br\/curitiba\/index.php\/wp-json\/wp\/v2\/media?parent=467"}],"curies":[{"name":"wp","href":"https:\/\/api.w.org\/{rel}","templated":true}]}}