{"id":500,"date":"2025-09-25T07:06:06","date_gmt":"2025-09-25T10:06:06","guid":{"rendered":"https:\/\/www.hom.bionostic.com.br\/curitiba\/?page_id=500"},"modified":"2025-11-15T08:29:24","modified_gmt":"2025-11-15T11:29:24","slug":"tomografia-computadorizada","status":"publish","type":"page","link":"https:\/\/www.hom.bionostic.com.br\/curitiba\/index.php\/exames-por-imagem\/tomografia-computadorizada\/","title":{"rendered":"TOMOGRAFIA COMPUTADORIZADA"},"content":{"rendered":"\t\t<div data-elementor-type=\"wp-page\" data-elementor-id=\"500\" class=\"elementor elementor-500\">\n\t\t\t\t<div class=\"elementor-element elementor-element-f9b105a e-flex e-con-boxed e-con e-parent\" data-id=\"f9b105a\" data-element_type=\"container\">\n\t\t\t\t\t<div class=\"e-con-inner\">\n\t\t<div class=\"elementor-element elementor-element-11526c2 e-con-full e-flex e-con e-child\" data-id=\"11526c2\" data-element_type=\"container\">\n\t\t\t\t<div class=\"elementor-element elementor-element-3f61b07 elementor-widget elementor-widget-image\" data-id=\"3f61b07\" data-element_type=\"widget\" data-widget_type=\"image.default\">\n\t\t\t\t<div class=\"elementor-widget-container\">\n\t\t\t\t\t\t\t\t\t\t\t\t\t\t\t<img fetchpriority=\"high\" decoding=\"async\" width=\"683\" height=\"893\" src=\"https:\/\/www.hom.bionostic.com.br\/curitiba\/wp-content\/uploads\/2025\/10\/tomografia.jpg\" class=\"attachment-large size-large wp-image-564\" alt=\"\" srcset=\"https:\/\/www.hom.bionostic.com.br\/curitiba\/wp-content\/uploads\/2025\/10\/tomografia.jpg 683w, https:\/\/www.hom.bionostic.com.br\/curitiba\/wp-content\/uploads\/2025\/10\/tomografia-229x300.jpg 229w, https:\/\/www.hom.bionostic.com.br\/curitiba\/wp-content\/uploads\/2025\/10\/tomografia-230x301.jpg 230w, https:\/\/www.hom.bionostic.com.br\/curitiba\/wp-content\/uploads\/2025\/10\/tomografia-350x458.jpg 350w, https:\/\/www.hom.bionostic.com.br\/curitiba\/wp-content\/uploads\/2025\/10\/tomografia-480x628.jpg 480w\" sizes=\"(max-width: 683px) 100vw, 683px\" \/>\t\t\t\t\t\t\t\t\t\t\t\t\t\t\t<\/div>\n\t\t\t\t<\/div>\n\t\t\t\t<\/div>\n\t\t<div class=\"elementor-element elementor-element-bb40cca e-con-full e-flex e-con e-child\" data-id=\"bb40cca\" data-element_type=\"container\">\n\t\t\t\t<div class=\"elementor-element elementor-element-ec1b031 elementor-widget elementor-widget-text-editor\" data-id=\"ec1b031\" data-element_type=\"widget\" data-widget_type=\"text-editor.default\">\n\t\t\t\t<div class=\"elementor-widget-container\">\n\t\t\t\t\t\t\t\t\t<p><a href=\"https:\/\/www.hom.bionostic.com.br\/curitiba\/index.php\/exames-por-imagem\/\">&lt; voltar exames laboratoriais<\/a><\/p>\t\t\t\t\t\t\t\t<\/div>\n\t\t\t\t<\/div>\n\t\t<div class=\"elementor-element elementor-element-e735fca e-con-full e-flex e-con e-child\" data-id=\"e735fca\" data-element_type=\"container\" data-settings=\"{&quot;background_background&quot;:&quot;classic&quot;}\">\n\t\t\t\t<div class=\"elementor-element elementor-element-395d5ad elementor-widget elementor-widget-heading\" data-id=\"395d5ad\" data-element_type=\"widget\" data-widget_type=\"heading.default\">\n\t\t\t\t<div class=\"elementor-widget-container\">\n\t\t\t\t\t<h2 class=\"elementor-heading-title elementor-size-default\">TOMOGRAFIA\nCOMPUTADORIZADA<\/h2>\t\t\t\t<\/div>\n\t\t\t\t<\/div>\n\t\t\t\t<\/div>\n\t\t\t\t<div class=\"elementor-element elementor-element-8c4e53a elementor-widget elementor-widget-text-editor\" data-id=\"8c4e53a\" data-element_type=\"widget\" data-widget_type=\"text-editor.default\">\n\t\t\t\t<div class=\"elementor-widget-container\">\n\t\t\t\t\t\t\t\t\t<p><strong>O Detalhamento Avan\u00e7ado para Decis\u00f5es Cl\u00ednicas Definitivas.<\/strong><\/p><p>A Tomografia Computadorizada (TC), assim como a Resson\u00e2ncia Magn\u00e9tica (RM) representa a <strong>m\u00e1xima defini\u00e7\u00e3o<\/strong> no diagn\u00f3stico por imagem, sendo uma ferramenta indispens\u00e1vel ap\u00f3s os exames de triagem, como o ultrassom e o raio-X.<\/p><p>A tecnologia da Tomografia Computadorizada transcende a limita\u00e7\u00e3o das imagens planas, gerando centenas de imagens com cortes transversais (ou &#8220;fatias&#8221;). Estes cortes s\u00e3o reconstru\u00eddos por softwares avan\u00e7ados, resultando em vis\u00f5es multiplanares e em 3D da anatomia dos pacientes.<\/p><p>Esta capacidade de visualiza\u00e7\u00e3o sem a interfer\u00eancia de estruturas sobrepostas permite a identifica\u00e7\u00e3o de les\u00f5es milim\u00e9tricas em tecidos moles e estruturas \u00f3sseas complexas, tornando-a essencial para o estadiamento de doen\u00e7as oncol\u00f3gicas e o planejamento cir\u00fargico de alta precis\u00e3o.<\/p><p>A precis\u00e3o da TC \u00e9 crucial em diversas especialidades, onde \u00e9 frequentemente o exame de elei\u00e7\u00e3o:<\/p><p><strong>\u00b7 Neurologia:<\/strong> Fornece avalia\u00e7\u00e3o detalhada da cavidade nasal, seios frontais e estruturas cerebrais, sendo fundamental para detectar massas, abscessos ou tumores cerebrais e medulares.<br \/><strong>\u00b7 Oncologia:<\/strong> \u00c9 indispens\u00e1vel para o estadiamento preciso de tumores, permitindo o estudo da extens\u00e3o da massa e a pesquisa de met\u00e1stases, al\u00e9m de guiar bi\u00f3psias com precis\u00e3o milim\u00e9trica.<br \/><strong>\u00b7 Ortopedia Avan\u00e7ada:<\/strong> Permite a visualiza\u00e7\u00e3o de fraturas articulares, microfraturas e anormalidades \u00f3sseas complexas (como a Displasia de Cotovelo), que s\u00e3o frequentemente de dif\u00edcil identifica\u00e7\u00e3o em radiografias convencionais.<br \/><strong>\u00b7 Avalia\u00e7\u00e3o Tor\u00e1cica e Abdominal:<\/strong> \u00c9 o padr\u00e3o ouro para a avalia\u00e7\u00e3o do par\u00eanquima pulmonar e diagn\u00f3stico de Shunts Portossist\u00eamicos e outras anomalias vasculares, potencializando o detalhamento com o uso de contraste.<\/p><p><strong>Seguran\u00e7a e Excel\u00eancia no Procedimento<\/strong><\/p><p>A obten\u00e7\u00e3o de imagens de Tomografia de alta qualidade exige que o paciente permane\u00e7a em imobilidade absoluta. Por isso, o exame \u00e9 realizado sob anestesia.<\/p><p>No Bionostic, garantimos a m\u00e1xima seguran\u00e7a e bem-estar do paciente, com a condu\u00e7\u00e3o do procedimento anest\u00e9sico sendo realizada por nossa equipe de M\u00e9dicos Veterin\u00e1rios Anestesistas, que realizam o monitoramento cont\u00ednuo e rigoroso dos pacientes, utilizando protocolos anest\u00e9sicos individualizados, com base na condi\u00e7\u00e3o cl\u00ednica e nos exames pr\u00e9vios realizados.<\/p>\t\t\t\t\t\t\t\t<\/div>\n\t\t\t\t<\/div>\n\t\t\t\t<\/div>\n\t\t\t\t\t<\/div>\n\t\t\t\t<\/div>\n\t\t\t\t<\/div>\n\t\t","protected":false},"excerpt":{"rendered":"<p>&lt; voltar exames laboratoriais TOMOGRAFIA COMPUTADORIZADA O Detalhamento Avan\u00e7ado para Decis\u00f5es Cl\u00ednicas Definitivas. A Tomografia Computadorizada (TC), assim como a Resson\u00e2ncia Magn\u00e9tica [&hellip;]<\/p>\n","protected":false},"author":2,"featured_media":0,"parent":397,"menu_order":0,"comment_status":"closed","ping_status":"closed","template":"elementor_header_footer","meta":{"footnotes":""},"class_list":["post-500","page","type-page","status-publish","hentry"],"_links":{"self":[{"href":"https:\/\/www.hom.bionostic.com.br\/curitiba\/index.php\/wp-json\/wp\/v2\/pages\/500","targetHints":{"allow":["GET"]}}],"collection":[{"href":"https:\/\/www.hom.bionostic.com.br\/curitiba\/index.php\/wp-json\/wp\/v2\/pages"}],"about":[{"href":"https:\/\/www.hom.bionostic.com.br\/curitiba\/index.php\/wp-json\/wp\/v2\/types\/page"}],"author":[{"embeddable":true,"href":"https:\/\/www.hom.bionostic.com.br\/curitiba\/index.php\/wp-json\/wp\/v2\/users\/2"}],"replies":[{"embeddable":true,"href":"https:\/\/www.hom.bionostic.com.br\/curitiba\/index.php\/wp-json\/wp\/v2\/comments?post=500"}],"version-history":[{"count":10,"href":"https:\/\/www.hom.bionostic.com.br\/curitiba\/index.php\/wp-json\/wp\/v2\/pages\/500\/revisions"}],"predecessor-version":[{"id":674,"href":"https:\/\/www.hom.bionostic.com.br\/curitiba\/index.php\/wp-json\/wp\/v2\/pages\/500\/revisions\/674"}],"up":[{"embeddable":true,"href":"https:\/\/www.hom.bionostic.com.br\/curitiba\/index.php\/wp-json\/wp\/v2\/pages\/397"}],"wp:attachment":[{"href":"https:\/\/www.hom.bionostic.com.br\/curitiba\/index.php\/wp-json\/wp\/v2\/media?parent=500"}],"curies":[{"name":"wp","href":"https:\/\/api.w.org\/{rel}","templated":true}]}}