{"id":702,"date":"2025-11-18T11:54:24","date_gmt":"2025-11-18T14:54:24","guid":{"rendered":"https:\/\/www.hom.bionostic.com.br\/curitiba\/?page_id=702"},"modified":"2026-01-20T08:19:18","modified_gmt":"2026-01-20T11:19:18","slug":"coletas-em-nossas-unidades","status":"publish","type":"page","link":"https:\/\/www.hom.bionostic.com.br\/curitiba\/index.php\/coletas\/coletas-em-nossas-unidades\/","title":{"rendered":"Coletas em nossas unidades"},"content":{"rendered":"\t\t<div data-elementor-type=\"wp-page\" data-elementor-id=\"702\" class=\"elementor elementor-702\">\n\t\t\t\t<div class=\"elementor-element elementor-element-f9b105a e-flex e-con-boxed e-con e-parent\" data-id=\"f9b105a\" data-element_type=\"container\">\n\t\t\t\t\t<div class=\"e-con-inner\">\n\t\t<div class=\"elementor-element elementor-element-11526c2 e-con-full e-flex e-con e-child\" data-id=\"11526c2\" data-element_type=\"container\">\n\t\t\t\t<div class=\"elementor-element elementor-element-3f61b07 elementor-widget elementor-widget-image\" data-id=\"3f61b07\" data-element_type=\"widget\" data-widget_type=\"image.default\">\n\t\t\t\t<div class=\"elementor-widget-container\">\n\t\t\t\t\t\t\t\t\t\t\t\t\t\t\t<img fetchpriority=\"high\" decoding=\"async\" width=\"682\" height=\"1024\" src=\"https:\/\/www.hom.bionostic.com.br\/curitiba\/wp-content\/uploads\/2026\/01\/imagem-da-coleta-em-nossas-unidades-682x1024.jpg\" class=\"attachment-large size-large wp-image-858\" alt=\"\" srcset=\"https:\/\/www.hom.bionostic.com.br\/curitiba\/wp-content\/uploads\/2026\/01\/imagem-da-coleta-em-nossas-unidades-682x1024.jpg 682w, https:\/\/www.hom.bionostic.com.br\/curitiba\/wp-content\/uploads\/2026\/01\/imagem-da-coleta-em-nossas-unidades-200x300.jpg 200w, https:\/\/www.hom.bionostic.com.br\/curitiba\/wp-content\/uploads\/2026\/01\/imagem-da-coleta-em-nossas-unidades-230x345.jpg 230w, https:\/\/www.hom.bionostic.com.br\/curitiba\/wp-content\/uploads\/2026\/01\/imagem-da-coleta-em-nossas-unidades-350x525.jpg 350w, https:\/\/www.hom.bionostic.com.br\/curitiba\/wp-content\/uploads\/2026\/01\/imagem-da-coleta-em-nossas-unidades-480x720.jpg 480w, https:\/\/www.hom.bionostic.com.br\/curitiba\/wp-content\/uploads\/2026\/01\/imagem-da-coleta-em-nossas-unidades.jpg 685w\" sizes=\"(max-width: 682px) 100vw, 682px\" \/>\t\t\t\t\t\t\t\t\t\t\t\t\t\t\t<\/div>\n\t\t\t\t<\/div>\n\t\t\t\t<\/div>\n\t\t<div class=\"elementor-element elementor-element-bb40cca e-con-full e-flex e-con e-child\" data-id=\"bb40cca\" data-element_type=\"container\">\n\t\t\t\t<div class=\"elementor-element elementor-element-116993d elementor-widget elementor-widget-text-editor\" data-id=\"116993d\" data-element_type=\"widget\" data-widget_type=\"text-editor.default\">\n\t\t\t\t<div class=\"elementor-widget-container\">\n\t\t\t\t\t\t\t\t\t<p><a href=\"https:\/\/www.hom.bionostic.com.br\/curitiba\/index.php\/coletas\/\">&lt; voltar coletas<\/a><\/p>\t\t\t\t\t\t\t\t<\/div>\n\t\t\t\t<\/div>\n\t\t<div class=\"elementor-element elementor-element-e735fca e-con-full e-flex e-con e-child\" data-id=\"e735fca\" data-element_type=\"container\" data-settings=\"{&quot;background_background&quot;:&quot;classic&quot;}\">\n\t\t\t\t<div class=\"elementor-element elementor-element-395d5ad elementor-widget elementor-widget-heading\" data-id=\"395d5ad\" data-element_type=\"widget\" data-widget_type=\"heading.default\">\n\t\t\t\t<div class=\"elementor-widget-container\">\n\t\t\t\t\t<h2 class=\"elementor-heading-title elementor-size-default\">Coletas em nossas unidades<\/h2>\t\t\t\t<\/div>\n\t\t\t\t<\/div>\n\t\t\t\t<\/div>\n\t\t\t\t<div class=\"elementor-element elementor-element-8c4e53a elementor-widget elementor-widget-text-editor\" data-id=\"8c4e53a\" data-element_type=\"widget\" data-widget_type=\"text-editor.default\">\n\t\t\t\t<div class=\"elementor-widget-container\">\n\t\t\t\t\t\t\t\t\t<p><strong>Excel\u00eancia na Coleta de Amostras: O Padr\u00e3o Bionostic de Cuidado e Precis\u00e3o<\/strong><\/p><p>No Bionostic, entendemos que a qualidade de um diagn\u00f3stico come\u00e7a na coleta da amostra. Por isso, oferecemos um servi\u00e7o que integra expertise t\u00e9cnica e uma estrutura f\u00edsica de ponta, focada em minimizar o estresse e garantir resultados fidedignos para nossos pacientes.<\/p><p><strong>Equipe Especializada: Rigor e Manejo Low Stress<\/strong><\/p><p>Nossa equipe \u00e9 formada por profissionais altamente treinados nos mais rigorosos Protocolos de Boas Pr\u00e1ticas Laboratoriais (BPL). Vamos al\u00e9m da t\u00e9cnica:<\/p><p><strong>\u00b7 Coleta Precisa:<\/strong> Garantimos que cada amostra \u2013 seja sangue, urina por Cistocentese guiada por US, ou material para Citologia \u2013 seja coletada com o m\u00e1ximo de assepsia e o m\u00ednimo de trauma.<br \/><strong>\u00b7 Manejo Gentil (Low Stress Handling):<\/strong> Nossos colaboradores s\u00e3o especializados em t\u00e9cnicas de manejo que reduzem a ansiedade e o medo dos pets. Um animal calmo significa um resultado laboratorial mais fiel \u00e0 sua condi\u00e7\u00e3o fisiol\u00f3gica, evitando altera\u00e7\u00f5es induzidas pelo estresse<\/p><p><strong>Estrutura Preparada: Conforto que Gera Precis\u00e3o<\/strong><\/p><p>Diferente de ambientes cl\u00ednicos tradicionais, a estrutura do Bionostic foi desenhada para promover a tranquilidade e a seguran\u00e7a:<\/p><p><strong>\u00b7 Ambientes Calmantes:<\/strong> Oferecemos salas de coleta com isolamento ac\u00fastico e organiza\u00e7\u00e3o visual que ajudam a diminuir est\u00edmulos externos, essenciais para o bem-estar de c\u00e3es e gatos.<\/p><p><strong>\u00b7 Tecnologia de Suporte:<\/strong> Dispomos de equipamentos para coletas complexas, como a Ultrassonografia para Cistocentese e PAAF Guiada, garantindo que a amostra de \u00f3rg\u00e3os internos ou urina seja coletada no local exato e de forma est\u00e9ril.<br \/><strong>\u00b7 Conforto para o Tutor:<\/strong> Criamos espa\u00e7os que acolhem o tutor, permitindo que ele esteja pr\u00f3ximo ao pet em um ambiente sereno, fortalecendo a confian\u00e7a e a coopera\u00e7\u00e3o durante o procedimento.<\/p><p>No Bionostic, a coleta de exames \u00e9 uma experi\u00eancia planejada: unimos a seguran\u00e7a da estrutura ao toque humano da equipe para entregar a voc\u00ea, M\u00e9dico Veterin\u00e1rio, a base mais confi\u00e1vel para o diagn\u00f3stico e o tratamento.<\/p>\t\t\t\t\t\t\t\t<\/div>\n\t\t\t\t<\/div>\n\t\t\t\t<\/div>\n\t\t\t\t\t<\/div>\n\t\t\t\t<\/div>\n\t\t\t\t<\/div>\n\t\t","protected":false},"excerpt":{"rendered":"<p>&lt; voltar coletas Coletas em nossas unidades Excel\u00eancia na Coleta de Amostras: O Padr\u00e3o Bionostic de Cuidado e Precis\u00e3o No Bionostic, entendemos [&hellip;]<\/p>\n","protected":false},"author":2,"featured_media":0,"parent":675,"menu_order":0,"comment_status":"closed","ping_status":"closed","template":"elementor_header_footer","meta":{"footnotes":""},"class_list":["post-702","page","type-page","status-publish","hentry"],"_links":{"self":[{"href":"https:\/\/www.hom.bionostic.com.br\/curitiba\/index.php\/wp-json\/wp\/v2\/pages\/702","targetHints":{"allow":["GET"]}}],"collection":[{"href":"https:\/\/www.hom.bionostic.com.br\/curitiba\/index.php\/wp-json\/wp\/v2\/pages"}],"about":[{"href":"https:\/\/www.hom.bionostic.com.br\/curitiba\/index.php\/wp-json\/wp\/v2\/types\/page"}],"author":[{"embeddable":true,"href":"https:\/\/www.hom.bionostic.com.br\/curitiba\/index.php\/wp-json\/wp\/v2\/users\/2"}],"replies":[{"embeddable":true,"href":"https:\/\/www.hom.bionostic.com.br\/curitiba\/index.php\/wp-json\/wp\/v2\/comments?post=702"}],"version-history":[{"count":13,"href":"https:\/\/www.hom.bionostic.com.br\/curitiba\/index.php\/wp-json\/wp\/v2\/pages\/702\/revisions"}],"predecessor-version":[{"id":861,"href":"https:\/\/www.hom.bionostic.com.br\/curitiba\/index.php\/wp-json\/wp\/v2\/pages\/702\/revisions\/861"}],"up":[{"embeddable":true,"href":"https:\/\/www.hom.bionostic.com.br\/curitiba\/index.php\/wp-json\/wp\/v2\/pages\/675"}],"wp:attachment":[{"href":"https:\/\/www.hom.bionostic.com.br\/curitiba\/index.php\/wp-json\/wp\/v2\/media?parent=702"}],"curies":[{"name":"wp","href":"https:\/\/api.w.org\/{rel}","templated":true}]}}